{"id":986,"date":"2025-10-16T19:09:59","date_gmt":"2025-10-16T19:09:59","guid":{"rendered":"https:\/\/imcolchane.cl\/web\/?page_id=986"},"modified":"2025-10-20T19:42:09","modified_gmt":"2025-10-20T19:42:09","slug":"licenciaconducir","status":"publish","type":"page","link":"https:\/\/imcolchane.cl\/web\/licenciaconducir\/","title":{"rendered":"Licencia de Conducir"},"content":{"rendered":"\n<div class=\"wp-block-stackable-spacer stk-block-spacer stk--no-padding stk-block stk-6081fdb\" data-block-id=\"6081fdb\"><style>.stk-6081fdb {height:50px !important;}@media screen and (max-width:999px){.stk-6081fdb {height:50px !important;}}<\/style><\/div>\n\n\n\n<div class=\"wp-block-stackable-heading stk-block-heading stk-block-heading--v2 stk-block stk-bb984a3\" id=\"licencia-de-conducir\" data-block-id=\"bb984a3\"><style>.stk-bb984a3 {margin-bottom:0px !important;}.stk-bb984a3 .stk-block-heading__text{color:#1565c0 !important;}<\/style><h1 class=\"stk-block-heading__text has-text-color has-text-align-center\">Licencia de Conducir<\/h1><\/div>\n\n\n\n<div class=\"wp-block-stackable-spacer stk-block-spacer stk--no-padding stk-block stk-d248c15\" data-block-id=\"d248c15\"><style>.stk-d248c15 {height:50px !important;}@media screen and (max-width:999px){.stk-d248c15 {height:50px !important;}}<\/style><\/div>\n\n\n\n<div class=\"wp-block-stackable-heading stk-block-heading stk-block-heading--v2 stk-block stk-e7e5aa0\" id=\"informacion-general\" data-block-id=\"e7e5aa0\"><style>.stk-e7e5aa0 {margin-bottom:0px !important;}<\/style><h3 class=\"stk-block-heading__text has-text-align-left\">Informaci\u00f3n general<\/h3><\/div>\n\n\n\n<div class=\"wp-block-stackable-spacer stk-block-spacer stk--no-padding stk-block stk-a200e36\" data-block-id=\"a200e36\"><style>.stk-a200e36 {height:25px !important;}@media screen and (max-width:999px){.stk-a200e36 {height:50px !important;}}<\/style><\/div>\n\n\n\n<div class=\"wp-block-stackable-text stk-block-text stk-block stk-c9d7a7e\" data-block-id=\"c9d7a7e\"><p class=\"stk-block-text__text\">La gesti\u00f3n de este tr\u00e1mite es responsabilidad de la <strong>Direcci\u00f3n de Tr\u00e1nsito de la Municipalidad de Colchane<\/strong>. Unidad encargada de gestionar, evaluar y emitir los permisos necesarios para conducir veh\u00edculos en la comuna. <\/p><\/div>\n\n\n\n<div class=\"wp-block-stackable-spacer stk-block-spacer stk--no-padding stk-block stk-3a8a0bd\" data-block-id=\"3a8a0bd\"><style>.stk-3a8a0bd {height:25px !important;}@media screen and (max-width:999px){.stk-3a8a0bd {height:50px !important;}}<\/style><\/div>\n\n\n\n<div class=\"wp-block-stackable-image stk-block-image stk-block stk-a1a42df\" data-block-id=\"a1a42df\"><style>.stk-a1a42df {margin-bottom:0px !important;}<\/style><figure><span class=\"stk-img-wrapper stk-image--shape-stretch\"><img loading=\"lazy\" decoding=\"async\" class=\"stk-img wp-image-987\" src=\"https:\/\/imcolchane.cl\/web\/wp-content\/uploads\/2025\/10\/Lc02.png\" width=\"1319\" height=\"1022\" srcset=\"https:\/\/imcolchane.cl\/web\/wp-content\/uploads\/2025\/10\/Lc02.png 1319w, https:\/\/imcolchane.cl\/web\/wp-content\/uploads\/2025\/10\/Lc02-300x232.png 300w, https:\/\/imcolchane.cl\/web\/wp-content\/uploads\/2025\/10\/Lc02-1024x793.png 1024w, https:\/\/imcolchane.cl\/web\/wp-content\/uploads\/2025\/10\/Lc02-768x595.png 768w\" sizes=\"auto, (max-width: 1319px) 100vw, 1319px\" \/><\/span><\/figure><\/div>\n\n\n\n<div class=\"wp-block-stackable-spacer stk-block-spacer stk--no-padding stk-block stk-dbce340\" data-block-id=\"dbce340\"><style>.stk-dbce340 {height:100px !important;}@media screen and (max-width:999px){.stk-dbce340 {height:50px !important;}}<\/style><\/div>\n","protected":false},"excerpt":{"rendered":"<p>Licencia de Conducir Informaci\u00f3n general La gesti\u00f3n de este tr\u00e1mite es responsabilidad de la Direcci\u00f3n de Tr\u00e1nsito de la Municipalidad de Colchane. Unidad encargada de gestionar, evaluar y emitir los permisos necesarios para conducir veh\u00edculos en la comuna.<\/p>\n","protected":false},"author":1,"featured_media":0,"parent":0,"menu_order":0,"comment_status":"closed","ping_status":"closed","template":"","meta":{"footnotes":""},"class_list":["post-986","page","type-page","status-publish","hentry"],"blocksy_meta":{"has_hero_section":"disabled","styles_descriptor":{"styles":{"desktop":"","tablet":"","mobile":""},"google_fonts":[],"version":6},"content_style_source":"inherit","vertical_spacing_source":"custom","content_area_spacing":"none"},"_links":{"self":[{"href":"https:\/\/imcolchane.cl\/web\/wp-json\/wp\/v2\/pages\/986","targetHints":{"allow":["GET"]}}],"collection":[{"href":"https:\/\/imcolchane.cl\/web\/wp-json\/wp\/v2\/pages"}],"about":[{"href":"https:\/\/imcolchane.cl\/web\/wp-json\/wp\/v2\/types\/page"}],"author":[{"embeddable":true,"href":"https:\/\/imcolchane.cl\/web\/wp-json\/wp\/v2\/users\/1"}],"replies":[{"embeddable":true,"href":"https:\/\/imcolchane.cl\/web\/wp-json\/wp\/v2\/comments?post=986"}],"version-history":[{"count":6,"href":"https:\/\/imcolchane.cl\/web\/wp-json\/wp\/v2\/pages\/986\/revisions"}],"predecessor-version":[{"id":1167,"href":"https:\/\/imcolchane.cl\/web\/wp-json\/wp\/v2\/pages\/986\/revisions\/1167"}],"wp:attachment":[{"href":"https:\/\/imcolchane.cl\/web\/wp-json\/wp\/v2\/media?parent=986"}],"curies":[{"name":"wp","href":"https:\/\/api.w.org\/{rel}","templated":true}]}}