{"id":9,"date":"2022-08-15T08:24:49","date_gmt":"2022-08-15T08:24:49","guid":{"rendered":"https:\/\/startersites.io\/blocksy\/renovation\/?page_id=9"},"modified":"2026-03-07T23:58:27","modified_gmt":"2026-03-07T23:58:27","slug":"misionvision","status":"publish","type":"page","link":"https:\/\/imcolchane.cl\/web\/misionvision\/","title":{"rendered":"Mision y Vision"},"content":{"rendered":"\n<div class=\"wp-block-stackable-spacer stk-block-spacer stk--no-padding stk-block stk-6081fdb\" data-block-id=\"6081fdb\"><style>.stk-6081fdb {height:50px !important;}@media screen and (max-width:999px){.stk-6081fdb {height:50px !important;}}<\/style><\/div>\n\n\n\n<div class=\"wp-block-stackable-heading stk-block-heading stk-block-heading--v2 stk-block stk-a51785d\" id=\"mision-y-vision\" data-block-id=\"a51785d\"><style>.stk-a51785d {margin-bottom:0px !important;}<\/style><h1 class=\"stk-block-heading__text has-text-align-center\">Misi\u00f3n y Visi\u00f3n<\/h1><\/div>\n\n\n\n<div class=\"wp-block-stackable-spacer stk-block-spacer stk--no-padding stk-block stk-3430a2e\" data-block-id=\"3430a2e\"><style>.stk-3430a2e {height:50px !important;}@media screen and (max-width:999px){.stk-3430a2e {height:50px !important;}}<\/style><\/div>\n\n\n\n<div class=\"wp-block-stackable-columns stk-block-columns stk-block stk-c2e09a6\" data-block-id=\"c2e09a6\"><style>.stk-c2e09a6 {margin-bottom:0px !important;}@media screen and (max-width:999px){.stk-c2e09a6 {margin-bottom:0px !important;}}<\/style><div class=\"stk-row stk-inner-blocks stk-block-content stk-content-align stk-c2e09a6-column\">\n<div class=\"wp-block-stackable-column stk-block-column stk-column stk-block stk-c830409 stk-block-background\" data-v=\"4\" data-block-id=\"c830409\"><style>.stk-c830409 {background-color:#1565c0 !important;border-top-left-radius:25px !important;border-top-right-radius:25px !important;border-bottom-right-radius:25px !important;border-bottom-left-radius:25px !important;overflow:hidden !important;align-items:center !important;display:flex !important;}.stk-c830409:before{background-color:#1565c0 !important;}<\/style><div class=\"stk-column-wrapper stk-block-column__content stk-container stk-c830409-container stk--no-background stk--no-padding\"><div class=\"stk-block-content stk-inner-blocks stk-c830409-inner-blocks\">\n<div class=\"wp-block-stackable-heading stk-block-heading stk-block-heading--v2 stk-block stk-db37ea1\" id=\"mision\" data-block-id=\"db37ea1\"><style>.stk-db37ea1 {align-items:center !important;display:flex !important;}.stk-db37ea1 .stk-block-heading__text{color:#fffefe !important;}<\/style><h2 class=\"stk-block-heading__text has-text-color has-text-align-center\">Misi\u00f3n<\/h2><\/div>\n<\/div><\/div><\/div>\n\n\n\n<div class=\"wp-block-stackable-column stk-block-column stk-column stk-block stk-b3a2085\" data-v=\"4\" data-block-id=\"b3a2085\"><div class=\"stk-column-wrapper stk-block-column__content stk-container stk-b3a2085-container stk--no-background stk--no-padding\"><div class=\"stk-block-content stk-inner-blocks stk-b3a2085-inner-blocks\">\n<div class=\"wp-block-stackable-text stk-block-text stk-block stk-9a1fe35\" data-block-id=\"9a1fe35\"><p class=\"stk-block-text__text\">Entregar a la comunidad de forma cercana y amable un servicio oportuno y de calidad, promoviendo la participaci\u00f3n ciudadana de los actores locales para el desarrollo de la comuna, sus habitantes, la Municipalidad y sus funcionarios y funcionarias.<\/p><\/div>\n<\/div><\/div><\/div>\n<\/div><\/div>\n\n\n\n<div class=\"wp-block-stackable-spacer stk-block-spacer stk--no-padding stk-block stk-4a966af\" data-block-id=\"4a966af\"><style>.stk-4a966af {height:50px !important;}@media screen and (max-width:999px){.stk-4a966af {height:50px !important;}}<\/style><\/div>\n\n\n\n<div class=\"wp-block-stackable-columns stk-block-columns stk-block stk-58c4cb3\" data-block-id=\"58c4cb3\"><style>.stk-58c4cb3 {margin-bottom:0px !important;}@media screen and (max-width:999px){.stk-58c4cb3 {margin-bottom:0px !important;}}<\/style><div class=\"stk-row stk-inner-blocks stk-block-content stk-content-align stk-58c4cb3-column\">\n<div class=\"wp-block-stackable-column stk-block-column stk-column stk-block stk-b70e017 stk-block-background\" data-v=\"4\" data-block-id=\"b70e017\"><style>.stk-b70e017 {background-color:#2e7d32 !important;border-top-left-radius:25px !important;border-top-right-radius:25px !important;border-bottom-right-radius:25px !important;border-bottom-left-radius:25px !important;overflow:hidden !important;border-style:solid !important;align-items:center !important;display:flex !important;}.stk-b70e017:before{background-color:#2e7d32 !important;}<\/style><div class=\"stk-column-wrapper stk-block-column__content stk-container stk-b70e017-container stk--no-background stk--no-padding\"><div class=\"stk-block-content stk-inner-blocks stk-b70e017-inner-blocks\">\n<div class=\"wp-block-stackable-heading stk-block-heading stk-block-heading--v2 stk-block stk-6d8e6fd\" id=\"vision\" data-block-id=\"6d8e6fd\"><style>.stk-6d8e6fd .stk-block-heading__text{color:#ffffff !important;}<\/style><h2 class=\"stk-block-heading__text has-text-color has-text-align-center\">Visi\u00f3n<\/h2><\/div>\n<\/div><\/div><\/div>\n\n\n\n<div class=\"wp-block-stackable-column stk-block-column stk-column stk-block stk-8650a92\" data-v=\"4\" data-block-id=\"8650a92\"><div class=\"stk-column-wrapper stk-block-column__content stk-container stk-8650a92-container stk--no-background stk--no-padding\"><div class=\"stk-block-content stk-inner-blocks stk-8650a92-inner-blocks\">\n<div class=\"wp-block-stackable-text stk-block-text stk-block stk-5d1dab3\" data-block-id=\"5d1dab3\"><p class=\"stk-block-text__text\">Ser un Municipio que promueva la participaci\u00f3n ciudadana y el desarrollo comunal, con un personal informado, cre\u00edble, amable, que conforme equipos de trabajo capacitados y eficientes, que atienda las necesidades de las personas y entregue soluciones a la comunidad.<\/p><\/div>\n<\/div><\/div><\/div>\n<\/div><\/div>\n\n\n\n<div class=\"wp-block-stackable-spacer stk-block-spacer stk--no-padding stk-block stk-5429f1c\" data-block-id=\"5429f1c\"><style>.stk-5429f1c {height:50px !important;}@media screen and (max-width:999px){.stk-5429f1c {height:50px !important;}}<\/style><\/div>\n\n\n\n<div class=\"wp-block-stackable-columns alignfull stk-block-columns stk-block stk-075e386 stk-block-background section-half-background\" data-block-id=\"075e386\"><style>.stk-075e386 {background-color:var(--theme-palette-color-4, #1E262E) !important;background-attachment:fixed !important;padding-top:0px !important;padding-right:0px !important;padding-bottom:0px !important;padding-left:0px !important;margin-bottom:0px !important;}.stk-075e386:before{background-color:var(--theme-palette-color-4, #1E262E) !important;}<\/style><div class=\"stk-row stk-inner-blocks stk-block-content stk-content-align stk-075e386-column alignfull\">\n<div class=\"wp-block-stackable-column stk-block-column stk-column stk-block stk-4fad7fd\" data-v=\"4\" data-block-id=\"4fad7fd\"><style>.stk-4fad7fd-container{margin-top:0px !important;margin-right:0px !important;margin-bottom:0px !important;margin-left:0px !important;}<\/style><div class=\"stk-column-wrapper stk-block-column__content stk-container stk-4fad7fd-container stk--no-background stk--no-padding\"><div class=\"stk-block-content stk-inner-blocks stk-4fad7fd-inner-blocks\">\n<div class=\"wp-block-stackable-image stk-block-image stk-block stk-3e6a07a\" data-block-id=\"3e6a07a\"><figure><span class=\"stk-img-wrapper stk-image--shape-stretch\"><img loading=\"lazy\" decoding=\"async\" class=\"stk-img wp-image-710\" src=\"https:\/\/imcolchane.cl\/web\/wp-content\/uploads\/2025\/10\/colchane0910.png\" width=\"1500\" height=\"656\" srcset=\"https:\/\/imcolchane.cl\/web\/wp-content\/uploads\/2025\/10\/colchane0910.png 1500w, https:\/\/imcolchane.cl\/web\/wp-content\/uploads\/2025\/10\/colchane0910-300x131.png 300w, https:\/\/imcolchane.cl\/web\/wp-content\/uploads\/2025\/10\/colchane0910-1024x448.png 1024w, https:\/\/imcolchane.cl\/web\/wp-content\/uploads\/2025\/10\/colchane0910-768x336.png 768w\" sizes=\"auto, (max-width: 1500px) 100vw, 1500px\" \/><\/span><\/figure><\/div>\n<\/div><\/div><\/div>\n<\/div><\/div>\n\n\n\n<div class=\"wp-block-stackable-spacer stk-block-spacer stk--no-padding stk-block stk-f85d4de\" data-block-id=\"f85d4de\"><style>.stk-f85d4de {height:100px !important;}@media screen and (max-width:999px){.stk-f85d4de {height:50px !important;}}<\/style><\/div>\n","protected":false},"excerpt":{"rendered":"<p>Misi\u00f3n y Visi\u00f3n Misi\u00f3n Entregar a la comunidad de forma cercana y amable un servicio oportuno y de calidad, promoviendo la participaci\u00f3n ciudadana de los actores locales para el desarrollo de la comuna, sus habitantes, la Municipalidad y sus funcionarios y funcionarias. Visi\u00f3n Ser un Municipio que promueva la participaci\u00f3n ciudadana y el desarrollo comunal, [&hellip;]<\/p>\n","protected":false},"author":1,"featured_media":0,"parent":0,"menu_order":0,"comment_status":"closed","ping_status":"closed","template":"","meta":{"footnotes":""},"class_list":["post-9","page","type-page","status-publish","hentry"],"blocksy_meta":{"styles_descriptor":{"styles":{"desktop":"","tablet":"","mobile":""},"google_fonts":[],"version":6},"page_title_panel":"","has_hero_section":"disabled","01b60a76e7635469bb5687010101247b":"","hero_section":"type-1","hero_elements":[{"id":"custom_title","enabled":true,"heading_tag":"h1","title":"Home"},{"id":"custom_description","enabled":true,"description_visibility":{"desktop":true,"tablet":true,"mobile":false}},{"id":"custom_meta","enabled":false,"meta_elements":[{"id":"author","enabled":true,"label":"By","has_author_avatar":"yes","avatar_size":25},{"id":"post_date","enabled":true,"label":"On","date_format_source":"default","date_format":"M j, Y"},{"id":"updated_date","enabled":false,"label":"On","date_format_source":"default","date_format":"M j, Y"},{"id":"categories","enabled":false,"label":"In","style":"simple"},{"id":"comments","enabled":true}],"page_meta_elements":{"joined":true,"articles_count":true,"comments":true}},{"id":"breadcrumbs","enabled":false}],"413d489fe2388654240bfc9954bd77ae":"","hero_alignment1":"CT_CSS_SKIP_RULE","hero_margin":40,"hero_alignment2":"center","hero_vertical_alignment":"center","2ea752f4198854cbe6fd949efede986b":"","hero_structure":"narrow","b5bdcc754f1a674732ab73d23b11c6c6":"","page_title_bg_type":"featured_image","custom_hero_background":{"attachment_id":null},"page_title_image_size":"full","parallax":{"desktop":false,"tablet":false,"mobile":false},"9b6b50c80d721e16a3dd64d52e39134c":"","hero_height":"250px","pageTitleFont":{"family":"Default","variation":"Default","size":"30px","line-height":"CT_CSS_SKIP_RULE","letter-spacing":"CT_CSS_SKIP_RULE","text-transform":"CT_CSS_SKIP_RULE","text-decoration":"CT_CSS_SKIP_RULE"},"pageTitleFontColor":{"default":{"color":"CT_CSS_SKIP_RULEDEFAULT"}},"pageMetaFont":{"family":"Default","variation":"n6","size":"12px","line-height":"1.3","letter-spacing":"CT_CSS_SKIP_RULE","text-transform":"uppercase","text-decoration":"CT_CSS_SKIP_RULE"},"pageMetaFontColor":{"default":{"color":"CT_CSS_SKIP_RULEDEFAULT"},"hover":{"color":"CT_CSS_SKIP_RULEDEFAULT"}},"page_meta_button_type_font_colors":{"default":{"color":"CT_CSS_SKIP_RULEDEFAULT"},"hover":{"color":"CT_CSS_SKIP_RULEDEFAULT"}},"page_meta_button_type_background_colors":{"default":{"color":"CT_CSS_SKIP_RULEDEFAULT"},"hover":{"color":"CT_CSS_SKIP_RULEDEFAULT"}},"pageExcerptFont":{"family":"Default","variation":"Default","size":"CT_CSS_SKIP_RULE","line-height":"CT_CSS_SKIP_RULE","letter-spacing":"CT_CSS_SKIP_RULE","text-transform":"CT_CSS_SKIP_RULE","text-decoration":"CT_CSS_SKIP_RULE"},"pageExcerptColor":{"default":{"color":"CT_CSS_SKIP_RULEDEFAULT"}},"breadcrumbsFont":{"family":"Default","variation":"Default","size":"CT_CSS_SKIP_RULE","line-height":"CT_CSS_SKIP_RULE","letter-spacing":"CT_CSS_SKIP_RULE","text-transform":"CT_CSS_SKIP_RULE","text-decoration":"CT_CSS_SKIP_RULE"},"breadcrumbsFontColor":{"default":{"color":"CT_CSS_SKIP_RULEDEFAULT"},"initial":{"color":"CT_CSS_SKIP_RULEDEFAULT"},"hover":{"color":"CT_CSS_SKIP_RULEDEFAULT"}},"pageTitleOverlay":{"background_type":"color","background_pattern":"type-1","background_image":{"attachment_id":null,"x":0,"y":0},"gradient":"linear-gradient(135deg,rgba(6,147,227,1) 0%,rgb(155,81,224) 100%)","background_repeat":"repeat","background_size":"auto","background_attachment":"scroll","patternColor":{"default":{"color":"#e5e7ea"}},"overlayColor":{"default":{"color":"CT_CSS_SKIP_RULE"}},"backgroundColor":{"default":{"color":"CT_CSS_SKIP_RULE"}}},"pageTitleBackground":{"background_type":"color","background_pattern":"type-1","background_image":{"attachment_id":null,"x":0,"y":0},"gradient":"linear-gradient(135deg,rgba(6,147,227,1) 0%,rgb(155,81,224) 100%)","background_repeat":"repeat","background_size":"auto","background_attachment":"scroll","patternColor":{"default":{"color":"#e5e7ea"}},"overlayColor":{"default":{"color":"CT_CSS_SKIP_RULE"}},"backgroundColor":{"default":{"color":"var(--theme-palette-color-6)"}}},"pageTitlePadding":{"top":"50px","bottom":"50px","left":"auto","right":"auto","linked":true},"00739e20ddb3660ccaead7731bfc083c":"","page_structure_type":"default","8fb7046864b0ad6dee6cb10ee9812e5d":"","content_style_source":"inherit","content_style":"wide","vertical_spacing_source":"custom","content_area_spacing":"none","background":{"background_type":"color","background_pattern":"type-1","background_image":{"attachment_id":null,"x":0,"y":0},"gradient":"linear-gradient(135deg,rgba(6,147,227,1) 0%,rgb(155,81,224) 100%)","background_repeat":"repeat","background_size":"auto","background_attachment":"scroll","patternColor":{"default":{"color":"#e5e7ea"}},"overlayColor":{"default":{"color":"CT_CSS_SKIP_RULE"}},"backgroundColor":{"default":{"color":"CT_CSS_SKIP_RULE"}}},"content_background":{"background_type":"color","background_pattern":"type-1","background_image":{"attachment_id":null,"x":0,"y":0},"gradient":"linear-gradient(135deg,rgba(6,147,227,1) 0%,rgb(155,81,224) 100%)","background_repeat":"repeat","background_size":"auto","background_attachment":"scroll","patternColor":{"default":{"color":"#e5e7ea"}},"overlayColor":{"default":{"color":"CT_CSS_SKIP_RULE"}},"backgroundColor":{"default":{"color":"var(--theme-palette-color-8)"}}},"content_boxed_shadow":{"inherit":false,"blur":18,"spread":-6,"v_offset":12,"h_offset":0,"inset":false,"enable":true,"color":{"color":"rgba(34, 56, 101, 0.04)"}},"content_boxed_border":{"width":1,"style":"none","color":{"color":"rgba(44,62,80,0.2)"}},"content_boxed_radius":{"top":"3px","bottom":"3px","left":"3px","right":"3px","linked":true},"boxed_content_spacing":{"desktop":{"top":"40px","bottom":"40px","left":"40px","right":"40px","linked":true},"tablet":{"top":"35px","bottom":"35px","left":"35px","right":"35px","linked":true},"mobile":{"top":"20px","bottom":"20px","left":"20px","right":"20px","linked":true}},"8249023ba008993193a67a02ec3e2d09":"","disable_featured_image":"no","disable_share_box":"no","disable_header":"no","disable_footer":"no"},"_links":{"self":[{"href":"https:\/\/imcolchane.cl\/web\/wp-json\/wp\/v2\/pages\/9","targetHints":{"allow":["GET"]}}],"collection":[{"href":"https:\/\/imcolchane.cl\/web\/wp-json\/wp\/v2\/pages"}],"about":[{"href":"https:\/\/imcolchane.cl\/web\/wp-json\/wp\/v2\/types\/page"}],"author":[{"embeddable":true,"href":"https:\/\/imcolchane.cl\/web\/wp-json\/wp\/v2\/users\/1"}],"replies":[{"embeddable":true,"href":"https:\/\/imcolchane.cl\/web\/wp-json\/wp\/v2\/comments?post=9"}],"version-history":[{"count":19,"href":"https:\/\/imcolchane.cl\/web\/wp-json\/wp\/v2\/pages\/9\/revisions"}],"predecessor-version":[{"id":1324,"href":"https:\/\/imcolchane.cl\/web\/wp-json\/wp\/v2\/pages\/9\/revisions\/1324"}],"wp:attachment":[{"href":"https:\/\/imcolchane.cl\/web\/wp-json\/wp\/v2\/media?parent=9"}],"curies":[{"name":"wp","href":"https:\/\/api.w.org\/{rel}","templated":true}]}}