{"id":715,"date":"2025-10-10T20:55:14","date_gmt":"2025-10-10T20:55:14","guid":{"rendered":"https:\/\/imcolchane.cl\/web\/?page_id=715"},"modified":"2026-04-17T00:41:40","modified_gmt":"2026-04-17T00:41:40","slug":"alcalde","status":"publish","type":"page","link":"https:\/\/imcolchane.cl\/web\/alcalde\/","title":{"rendered":"Alcalde"},"content":{"rendered":"\n<div class=\"wp-block-stackable-spacer stk-block-spacer stk--no-padding stk-block stk-6081fdb\" data-block-id=\"6081fdb\"><style>.stk-6081fdb {height:50px !important;}@media screen and (max-width:999px){.stk-6081fdb {height:80px !important;}}<\/style><\/div>\n\n\n\n<div class=\"wp-block-stackable-columns stk-block-columns stk-block stk-c2e09a6\" data-block-id=\"c2e09a6\"><style>.stk-c2e09a6 {margin-bottom:0px !important;}<\/style><div class=\"stk-row stk-inner-blocks stk-block-content stk-content-align stk-c2e09a6-column\">\n<div class=\"wp-block-stackable-column stk-block-column stk-column stk-block stk-c830409 stk-block-background\" data-v=\"4\" data-block-id=\"c830409\"><style>.stk-c830409 {background-color:#1565c0 !important;border-top-left-radius:25px !important;border-top-right-radius:25px !important;border-bottom-right-radius:25px !important;border-bottom-left-radius:25px !important;overflow:hidden !important;align-items:center !important;display:flex !important;}.stk-c830409:before{background-color:#1565c0 !important;}<\/style><div class=\"stk-column-wrapper stk-block-column__content stk-container stk-c830409-container stk--no-background stk--no-padding\"><div class=\"has-text-align-center stk-block-content stk-inner-blocks stk-c830409-inner-blocks\">\n<div class=\"wp-block-stackable-heading stk-block-heading stk-block-heading--v2 stk-block stk-db37ea1\" id=\"alcalde\" data-block-id=\"db37ea1\"><style>.stk-db37ea1 {align-items:center !important;display:flex !important;}.stk-db37ea1 .stk-block-heading__text{color:#fffefe !important;}<\/style><h2 class=\"stk-block-heading__text has-text-color has-text-align-center\">Alcalde<\/h2><\/div>\n\n\n\n<div class=\"wp-block-stackable-text stk-block-text stk-block stk-525a05f\" data-block-id=\"525a05f\"><style>.stk-525a05f .stk-block-text__text{color:var(--theme-palette-color-7, #ffffff) !important;}<\/style><p class=\"stk-block-text__text has-text-color\">Te\u00f3filo Mamani Garc\u00eda<\/p><\/div>\n<\/div><\/div><\/div>\n\n\n\n<div class=\"wp-block-stackable-column stk-block-column stk-column stk-block stk-b3a2085\" data-v=\"4\" data-block-id=\"b3a2085\"><div class=\"stk-column-wrapper stk-block-column__content stk-container stk-b3a2085-container stk--no-background stk--no-padding\"><div class=\"stk-block-content stk-inner-blocks stk-b3a2085-inner-blocks\">\n<div class=\"wp-block-stackable-image stk-block-image stk-block stk-320d96c\" data-block-id=\"320d96c\"><style>.stk-320d96c {border-top-left-radius:25px !important;border-top-right-radius:25px !important;border-bottom-right-radius:25px !important;border-bottom-left-radius:25px !important;overflow:hidden !important;}<\/style><figure><span class=\"stk-img-wrapper stk-image--shape-stretch\"><img loading=\"lazy\" decoding=\"async\" class=\"stk-img wp-image-717\" src=\"https:\/\/imcolchane.cl\/web\/wp-content\/uploads\/2025\/10\/WhatsApp-Image-2025-04-02-at-17.59.10.jpeg\" width=\"1600\" height=\"1200\" srcset=\"https:\/\/imcolchane.cl\/web\/wp-content\/uploads\/2025\/10\/WhatsApp-Image-2025-04-02-at-17.59.10.jpeg 1600w, https:\/\/imcolchane.cl\/web\/wp-content\/uploads\/2025\/10\/WhatsApp-Image-2025-04-02-at-17.59.10-300x225.jpeg 300w, https:\/\/imcolchane.cl\/web\/wp-content\/uploads\/2025\/10\/WhatsApp-Image-2025-04-02-at-17.59.10-1024x768.jpeg 1024w, https:\/\/imcolchane.cl\/web\/wp-content\/uploads\/2025\/10\/WhatsApp-Image-2025-04-02-at-17.59.10-768x576.jpeg 768w, https:\/\/imcolchane.cl\/web\/wp-content\/uploads\/2025\/10\/WhatsApp-Image-2025-04-02-at-17.59.10-1536x1152.jpeg 1536w\" sizes=\"auto, (max-width: 1600px) 100vw, 1600px\" \/><\/span><\/figure><\/div>\n<\/div><\/div><\/div>\n<\/div><\/div>\n\n\n\n<div class=\"wp-block-stackable-spacer stk-block-spacer stk--no-padding stk-block stk-326d838\" data-block-id=\"326d838\"><style>.stk-326d838 {height:50px !important;}@media screen and (max-width:999px){.stk-326d838 {height:80px !important;}}<\/style><\/div>\n\n\n\n<div class=\"wp-block-stackable-columns stk-block-columns stk-block stk-7eadb07\" data-block-id=\"7eadb07\"><style>.stk-7eadb07 {margin-bottom:0px !important;}<\/style><div class=\"stk-row stk-inner-blocks stk-block-content stk-content-align stk-7eadb07-column\">\n<div class=\"wp-block-stackable-column stk-block-column stk-column stk-block stk-cf7c201\" data-v=\"4\" data-block-id=\"cf7c201\"><div class=\"stk-column-wrapper stk-block-column__content stk-container stk-cf7c201-container stk--no-background stk--no-padding\"><div class=\"stk-block-content stk-inner-blocks stk-cf7c201-inner-blocks\">\n<div class=\"wp-block-stackable-heading stk-block-heading stk-block-heading--v2 stk-block stk-14d5498\" id=\"palabras-del-a\" data-block-id=\"14d5498\"><h2 class=\"stk-block-heading__text\">Palabras Del Alcalde<\/h2><\/div>\n<\/div><\/div><\/div>\n<\/div><\/div>\n\n\n\n<div class=\"wp-block-stackable-spacer stk-block-spacer stk--no-padding stk-block stk-2efbf68\" data-block-id=\"2efbf68\"><style>.stk-2efbf68 {height:25px !important;}@media screen and (max-width:999px){.stk-2efbf68 {height:80px !important;}}<\/style><\/div>\n\n\n\n<div class=\"wp-block-stackable-columns stk-block-columns stk-block stk-b4d7fe0\" data-block-id=\"b4d7fe0\"><style>.stk-b4d7fe0 {margin-bottom:0px !important;}<\/style><div class=\"stk-row stk-inner-blocks stk-block-content stk-content-align stk-b4d7fe0-column\">\n<div class=\"wp-block-stackable-column stk-block-column stk-column stk-block stk-454f86b\" data-v=\"4\" data-block-id=\"454f86b\"><div class=\"stk-column-wrapper stk-block-column__content stk-container stk-454f86b-container stk--no-background stk--no-padding\"><div class=\"stk-block-content stk-inner-blocks stk-454f86b-inner-blocks\">\n<div class=\"wp-block-stackable-text stk-block-text stk-block stk-4bead35\" data-block-id=\"4bead35\"><p class=\"stk-block-text__text\">Mis mejores deseos y mayores parabienes para todos los vecinos de Colchane. Y con este saludo, les renuevo el compromiso asumido por el equipo que me acompa\u00f1a de hacer realidad el Plan de Acci\u00f3n trazado para los pr\u00f3ximos cuatro a\u00f1os. Esta p\u00e1gina web ser\u00e1 una herramienta de comunicaci\u00f3n interactiva donde encontrar\u00e1n toda la informaci\u00f3n actualizada y al detalle de las actividades y eventos que realizaremos en cumplimiento de nuestros ofrecimientos de campa\u00f1a, que respetaremos y enriqueceremos con vuestros aportes.<\/p><\/div>\n<\/div><\/div><\/div>\n<\/div><\/div>\n\n\n\n<div class=\"wp-block-stackable-spacer stk-block-spacer stk--no-padding stk-block stk-4a966af\" data-block-id=\"4a966af\"><style>.stk-4a966af {height:50px !important;}@media screen and (max-width:999px){.stk-4a966af {height:80px !important;}}<\/style><\/div>\n\n\n\n<div class=\"wp-block-stackable-columns alignfull stk-block-columns stk-block stk-a048240 stk-block-background section-half-background stk--has-background-overlay\" data-block-id=\"a048240\"><style>.stk-a048240 {background-color:var(u002du002dtheme-palette-color-4, #1E262E) !important;background-image:url(https:\/\/imcolchane.cl\/web\/wp-content\/uploads\/2025\/10\/colchane0910.png) !important;background-attachment:fixed !important;padding-top:200px !important;padding-bottom:200px !important;margin-bottom:0px !important;}.stk-a048240:before{background-color:var(u002du002dtheme-palette-color-4, #1E262E) !important;opacity:0.3 !important;}.stk-a048240-column{max-width:1500px !important;min-width:auto !important;}@media screen and (max-width:999px){.stk-a048240 {padding-top:80px !important;padding-bottom:80px !important;}}<\/style><div class=\"stk-row stk-inner-blocks stk-block-content stk-content-align stk-a048240-column alignfull\">\n<div class=\"wp-block-stackable-column stk-block-column stk-column stk-block stk-dca3d6a\" data-v=\"4\" data-block-id=\"dca3d6a\"><style>.stk-dca3d6a-container{margin-top:0px !important;margin-right:0px !important;margin-bottom:0px !important;margin-left:0px !important;min-height:101px !important;}<\/style><div class=\"stk-column-wrapper stk-block-column__content stk-container stk-dca3d6a-container stk--no-background stk--no-padding\"><div class=\"stk-block-content stk-inner-blocks stk-dca3d6a-inner-blocks\"><\/div><\/div><\/div>\n<\/div><\/div>\n\n\n\n<div class=\"wp-block-stackable-spacer stk-block-spacer stk--no-padding stk-block stk-5429f1c\" data-block-id=\"5429f1c\"><style>.stk-5429f1c {height:50px !important;}@media screen and (max-width:999px){.stk-5429f1c {height:80px !important;}}<\/style><\/div>\n\n\n\n<div class=\"wp-block-stackable-columns stk-block-columns stk-block stk-caf7f4c\" data-block-id=\"caf7f4c\"><style>.stk-caf7f4c {margin-bottom:0px !important;}<\/style><div class=\"stk-row stk-inner-blocks stk-block-content stk-content-align stk-caf7f4c-column\">\n<div class=\"wp-block-stackable-column stk-block-column stk-column stk-block stk-d3d81bc\" data-v=\"4\" data-block-id=\"d3d81bc\"><div class=\"stk-column-wrapper stk-block-column__content stk-container stk-d3d81bc-container stk--no-background stk--no-padding\"><div class=\"stk-block-content stk-inner-blocks stk-d3d81bc-inner-blocks\">\n<div class=\"wp-block-stackable-heading stk-block-heading stk-block-heading--v2 stk-block stk-252ec1c\" id=\"palabras-del-a\" data-block-id=\"252ec1c\"><h2 class=\"stk-block-heading__text\">Objetivos<\/h2><\/div>\n<\/div><\/div><\/div>\n<\/div><\/div>\n\n\n\n<div class=\"wp-block-stackable-spacer stk-block-spacer stk--no-padding stk-block stk-c310add\" data-block-id=\"c310add\"><style>.stk-c310add {height:25px !important;}@media screen and (max-width:999px){.stk-c310add {height:80px !important;}}<\/style><\/div>\n\n\n\n<div class=\"wp-block-stackable-columns stk-block-columns stk-block stk-110be0c\" data-block-id=\"110be0c\"><style>.stk-110be0c {margin-bottom:0px !important;}<\/style><div class=\"stk-row stk-inner-blocks stk-block-content stk-content-align stk-110be0c-column\">\n<div class=\"wp-block-stackable-column stk-block-column stk-column stk-block stk-6096280\" data-v=\"4\" data-block-id=\"6096280\"><div class=\"stk-column-wrapper stk-block-column__content stk-container stk-6096280-container stk--no-background stk--no-padding\"><div class=\"stk-block-content stk-inner-blocks stk-6096280-inner-blocks\">\n<div class=\"wp-block-stackable-text stk-block-text stk-block stk-452f78c\" data-block-id=\"452f78c\"><p class=\"stk-block-text__text\">Administrar la comuna, para satisfacer las necesidades locales y promover el desarrollo y progreso econ\u00f3mico, social y cultural de \u00e9sta.<\/p><\/div>\n<\/div><\/div><\/div>\n<\/div><\/div>\n\n\n\n<div class=\"wp-block-stackable-spacer stk-block-spacer stk--no-padding stk-block stk-842b95d\" data-block-id=\"842b95d\"><style>.stk-842b95d {height:50px !important;}@media screen and (max-width:999px){.stk-842b95d {height:80px !important;}}<\/style><\/div>\n\n\n\n<div class=\"wp-block-stackable-columns stk-block-columns stk-block stk-de74f1a\" data-block-id=\"de74f1a\"><style>.stk-de74f1a {margin-bottom:0px !important;}<\/style><div class=\"stk-row stk-inner-blocks stk-block-content stk-content-align stk-de74f1a-column\">\n<div class=\"wp-block-stackable-column stk-block-column stk-column stk-block stk-8a9fcd8\" data-v=\"4\" data-block-id=\"8a9fcd8\"><div class=\"stk-column-wrapper stk-block-column__content stk-container stk-8a9fcd8-container stk--no-background stk--no-padding\"><div class=\"stk-block-content stk-inner-blocks stk-8a9fcd8-inner-blocks\">\n<div class=\"wp-block-stackable-heading stk-block-heading stk-block-heading--v2 stk-block stk-8201ee8\" id=\"palabras-del-a\" data-block-id=\"8201ee8\"><h2 class=\"stk-block-heading__text\">Funciones<\/h2><\/div>\n<\/div><\/div><\/div>\n<\/div><\/div>\n\n\n\n<div class=\"wp-block-stackable-spacer stk-block-spacer stk--no-padding stk-block stk-2d79c0e\" data-block-id=\"2d79c0e\"><style>.stk-2d79c0e {height:25px !important;}@media screen and (max-width:999px){.stk-2d79c0e {height:80px !important;}}<\/style><\/div>\n\n\n\n<div class=\"wp-block-stackable-icon-list stk-block-icon-list stk-block stk-a5336f4\" data-block-id=\"a5336f4\"><style>.stk-a5336f4 .stk-block-icon-list-item__content{gap:10px !important;}.stk-a5336f4 {--stk-icon-list-column-count:1 !important;--stk-icon-list-row-gap:2px !important;margin-bottom:0px !important;}.stk-a5336f4 ul, .stk-a5336f4 ol{padding-left:0px !important;}<\/style><ol class=\"stk-block-icon-list__ol stk-block-icon-list--column\">\n<li class=\"wp-block-stackable-icon-list-item stk-block-icon-list-item stk-block stk-65d61b5\" data-block-id=\"65d61b5\"><div class=\"stk-block-icon-list-item__content\"><span class=\"stk-block-icon-list-item__marker\" aria-hidden=\"true\"><\/span><span class=\"stk-block-icon-list-item__text\">Ejercer la administraci\u00f3n de la comuna.<\/span><\/div><\/li>\n\n\n\n<li class=\"wp-block-stackable-icon-list-item stk-block-icon-list-item stk-block stk-30063fd\" data-block-id=\"30063fd\"><div class=\"stk-block-icon-list-item__content\"><span class=\"stk-block-icon-list-item__marker\" aria-hidden=\"true\"><\/span><span class=\"stk-block-icon-list-item__text\">Otorgar y caducar las patentes municipales.<\/span><\/div><\/li>\n\n\n\n<li class=\"wp-block-stackable-icon-list-item stk-block-icon-list-item stk-block stk-385181c\" data-block-id=\"385181c\"><div class=\"stk-block-icon-list-item__content\"><span class=\"stk-block-icon-list-item__marker\" aria-hidden=\"true\"><\/span><span class=\"stk-block-icon-list-item__text\">Designar delegados municipales cuando corresponda.<\/span><\/div><\/li>\n\n\n\n<li class=\"wp-block-stackable-icon-list-item stk-block-icon-list-item stk-block stk-97647e6\" data-block-id=\"97647e6\"><div class=\"stk-block-icon-list-item__content\"><span class=\"stk-block-icon-list-item__marker\" aria-hidden=\"true\"><\/span><span class=\"stk-block-icon-list-item__text\">Representar judicial y extrajudicialmente a la Municipalidad.<\/span><\/div><\/li>\n\n\n\n<li class=\"wp-block-stackable-icon-list-item stk-block-icon-list-item stk-block stk-cee435a\" data-block-id=\"cee435a\"><div class=\"stk-block-icon-list-item__content\"><span class=\"stk-block-icon-list-item__marker\" aria-hidden=\"true\"><\/span><span class=\"stk-block-icon-list-item__text\">Delegar las facultades que correspondan de acuerdo a la ley.<\/span><\/div><\/li>\n\n\n\n<li class=\"wp-block-stackable-icon-list-item stk-block-icon-list-item stk-block stk-7b854ad\" data-block-id=\"7b854ad\"><div class=\"stk-block-icon-list-item__content\"><span class=\"stk-block-icon-list-item__marker\" aria-hidden=\"true\"><\/span><span class=\"stk-block-icon-list-item__text\">Ejercer las potestades que la ley le atribuya a las Municipalidades.<\/span><\/div><\/li>\n\n\n\n<li class=\"wp-block-stackable-icon-list-item stk-block-icon-list-item stk-block stk-c4b276a\" data-block-id=\"c4b276a\"><div class=\"stk-block-icon-list-item__content\"><span class=\"stk-block-icon-list-item__marker\" aria-hidden=\"true\"><\/span><span class=\"stk-block-icon-list-item__text\">Ejercer la administraci\u00f3n superior de los organismos y servicios municipales.<\/span><\/div><\/li>\n\n\n\n<li class=\"wp-block-stackable-icon-list-item stk-block-icon-list-item stk-block stk-fbdd30a\" data-block-id=\"fbdd30a\"><div class=\"stk-block-icon-list-item__content\"><span class=\"stk-block-icon-list-item__marker\" aria-hidden=\"true\"><\/span><span class=\"stk-block-icon-list-item__text\">Aprobar los planes, programas y presupuestos municipales de acuerdo a las normas vigentes.<\/span><\/div><\/li>\n\n\n\n<li class=\"wp-block-stackable-icon-list-item stk-block-icon-list-item stk-block stk-6d1a60a\" data-block-id=\"6d1a60a\"><div class=\"stk-block-icon-list-item__content\"><span class=\"stk-block-icon-list-item__marker\" aria-hidden=\"true\"><\/span><span class=\"stk-block-icon-list-item__text\">Ejercer la inmediata superintendencia de los establecimientos, oficinas, servicios, empleados y obras municipales.<\/span><\/div><\/li>\n\n\n\n<li class=\"wp-block-stackable-icon-list-item stk-block-icon-list-item stk-block stk-06e6a93\" data-block-id=\"06e6a93\"><div class=\"stk-block-icon-list-item__content\"><span class=\"stk-block-icon-list-item__marker\" aria-hidden=\"true\"><\/span><span class=\"stk-block-icon-list-item__text\">Formular las pol\u00edticas, los planes, los programas y los presupuestos municipales, de acuerdo con las normas previstas en la ley.<\/span><\/div><\/li>\n\n\n\n<li class=\"wp-block-stackable-icon-list-item stk-block-icon-list-item stk-block stk-12d7361\" data-block-id=\"12d7361\"><div class=\"stk-block-icon-list-item__content\"><span class=\"stk-block-icon-list-item__marker\" aria-hidden=\"true\"><\/span><span class=\"stk-block-icon-list-item__text\">Convocar y presidir el Concejo Municipal, el Consejo Econ\u00f3mico y Social y los dem\u00e1s organismos internos colegiados de la Municipalidad.<\/span><\/div><\/li>\n\n\n\n<li class=\"wp-block-stackable-icon-list-item stk-block-icon-list-item stk-block stk-c319dee\" data-block-id=\"c319dee\"><div class=\"stk-block-icon-list-item__content\"><span class=\"stk-block-icon-list-item__marker\" aria-hidden=\"true\"><\/span><span class=\"stk-block-icon-list-item__text\">Coordinar con otras autoridades u organismos estatales o privados, acciones para el cumplimiento de sus funciones cuando corresponda.<\/span><\/div><\/li>\n\n\n\n<li class=\"wp-block-stackable-icon-list-item stk-block-icon-list-item stk-block stk-31ced39\" data-block-id=\"31ced39\"><div class=\"stk-block-icon-list-item__content\"><span class=\"stk-block-icon-list-item__marker\" aria-hidden=\"true\"><\/span><span class=\"stk-block-icon-list-item__text\">Supervigilar el funcionamiento de los Servicios P\u00fablicos que operan en el territorio de su jurisdicci\u00f3n, coordinarlos entre s\u00ed y con las reparticiones municipales.<\/span><\/div><\/li>\n\n\n\n<li class=\"wp-block-stackable-icon-list-item stk-block-icon-list-item stk-block stk-870a317\" data-block-id=\"870a317\"><div class=\"stk-block-icon-list-item__content\"><span class=\"stk-block-icon-list-item__marker\" aria-hidden=\"true\"><\/span><span class=\"stk-block-icon-list-item__text\">Ejercer la administraci\u00f3n de los bienes municipales y nacionales de uso p\u00fablico existentes en la comuna, a trav\u00e9s del otorgamiento de concesiones y permisos municipales.<\/span><\/div><\/li>\n<\/ol><\/div>\n\n\n\n<div class=\"wp-block-stackable-spacer stk-block-spacer stk--no-padding stk-block stk-f85d4de\" data-block-id=\"f85d4de\"><style>.stk-f85d4de {height:100px !important;}@media screen and (max-width:999px){.stk-f85d4de {height:80px !important;}}<\/style><\/div>\n","protected":false},"excerpt":{"rendered":"<p>Alcalde Te\u00f3filo Mamani Garc\u00eda Palabras Del Alcalde Mis mejores deseos y mayores parabienes para todos los vecinos de Colchane. Y con este saludo, les renuevo el compromiso asumido por el equipo que me acompa\u00f1a de hacer realidad el Plan de Acci\u00f3n trazado para los pr\u00f3ximos cuatro a\u00f1os. Esta p\u00e1gina web ser\u00e1 una herramienta de comunicaci\u00f3n [&hellip;]<\/p>\n","protected":false},"author":1,"featured_media":0,"parent":0,"menu_order":0,"comment_status":"closed","ping_status":"closed","template":"","meta":{"footnotes":""},"class_list":["post-715","page","type-page","status-publish","hentry"],"blocksy_meta":{"styles_descriptor":{"styles":{"desktop":"","tablet":"","mobile":""},"google_fonts":[],"version":6},"page_title_panel":"","has_hero_section":"disabled","01b60a76e7635469bb5687010101247b":"","hero_section":"type-1","hero_elements":[{"id":"custom_title","enabled":true,"heading_tag":"h1","title":"Home"},{"id":"custom_description","enabled":true,"description_visibility":{"desktop":true,"tablet":true,"mobile":false}},{"id":"custom_meta","enabled":false,"meta_elements":[{"id":"author","enabled":true,"label":"By","has_author_avatar":"yes","avatar_size":25},{"id":"post_date","enabled":true,"label":"On","date_format_source":"default","date_format":"M j, Y"},{"id":"updated_date","enabled":false,"label":"On","date_format_source":"default","date_format":"M j, Y"},{"id":"categories","enabled":false,"label":"In","style":"simple"},{"id":"comments","enabled":true}],"page_meta_elements":{"joined":true,"articles_count":true,"comments":true}},{"id":"breadcrumbs","enabled":false}],"413d489fe2388654240bfc9954bd77ae":"","hero_alignment1":"CT_CSS_SKIP_RULE","hero_margin":40,"hero_alignment2":"center","hero_vertical_alignment":"center","2ea752f4198854cbe6fd949efede986b":"","hero_structure":"narrow","b5bdcc754f1a674732ab73d23b11c6c6":"","page_title_bg_type":"featured_image","custom_hero_background":{"attachment_id":null},"page_title_image_size":"full","parallax":{"desktop":false,"tablet":false,"mobile":false},"9b6b50c80d721e16a3dd64d52e39134c":"","hero_height":"250px","pageTitleFont":{"family":"Default","variation":"Default","size":"30px","line-height":"CT_CSS_SKIP_RULE","letter-spacing":"CT_CSS_SKIP_RULE","text-transform":"CT_CSS_SKIP_RULE","text-decoration":"CT_CSS_SKIP_RULE"},"pageTitleFontColor":{"default":{"color":"CT_CSS_SKIP_RULEDEFAULT"}},"pageMetaFont":{"family":"Default","variation":"n6","size":"12px","line-height":"1.3","letter-spacing":"CT_CSS_SKIP_RULE","text-transform":"uppercase","text-decoration":"CT_CSS_SKIP_RULE"},"pageMetaFontColor":{"default":{"color":"CT_CSS_SKIP_RULEDEFAULT"},"hover":{"color":"CT_CSS_SKIP_RULEDEFAULT"}},"page_meta_button_type_font_colors":{"default":{"color":"CT_CSS_SKIP_RULEDEFAULT"},"hover":{"color":"CT_CSS_SKIP_RULEDEFAULT"}},"page_meta_button_type_background_colors":{"default":{"color":"CT_CSS_SKIP_RULEDEFAULT"},"hover":{"color":"CT_CSS_SKIP_RULEDEFAULT"}},"pageExcerptFont":{"family":"Default","variation":"Default","size":"CT_CSS_SKIP_RULE","line-height":"CT_CSS_SKIP_RULE","letter-spacing":"CT_CSS_SKIP_RULE","text-transform":"CT_CSS_SKIP_RULE","text-decoration":"CT_CSS_SKIP_RULE"},"pageExcerptColor":{"default":{"color":"CT_CSS_SKIP_RULEDEFAULT"}},"breadcrumbsFont":{"family":"Default","variation":"Default","size":"CT_CSS_SKIP_RULE","line-height":"CT_CSS_SKIP_RULE","letter-spacing":"CT_CSS_SKIP_RULE","text-transform":"CT_CSS_SKIP_RULE","text-decoration":"CT_CSS_SKIP_RULE"},"breadcrumbsFontColor":{"default":{"color":"CT_CSS_SKIP_RULEDEFAULT"},"initial":{"color":"CT_CSS_SKIP_RULEDEFAULT"},"hover":{"color":"CT_CSS_SKIP_RULEDEFAULT"}},"pageTitleOverlay":{"background_type":"color","background_pattern":"type-1","background_image":{"attachment_id":null,"x":0,"y":0},"gradient":"linear-gradient(135deg,rgba(6,147,227,1) 0%,rgb(155,81,224) 100%)","background_repeat":"repeat","background_size":"auto","background_attachment":"scroll","patternColor":{"default":{"color":"#e5e7ea"}},"overlayColor":{"default":{"color":"CT_CSS_SKIP_RULE"}},"backgroundColor":{"default":{"color":"CT_CSS_SKIP_RULE"}}},"pageTitleBackground":{"background_type":"color","background_pattern":"type-1","background_image":{"attachment_id":null,"x":0,"y":0},"gradient":"linear-gradient(135deg,rgba(6,147,227,1) 0%,rgb(155,81,224) 100%)","background_repeat":"repeat","background_size":"auto","background_attachment":"scroll","patternColor":{"default":{"color":"#e5e7ea"}},"overlayColor":{"default":{"color":"CT_CSS_SKIP_RULE"}},"backgroundColor":{"default":{"color":"var(--theme-palette-color-6)"}}},"pageTitlePadding":{"top":"50px","bottom":"50px","left":"auto","right":"auto","linked":true},"00739e20ddb3660ccaead7731bfc083c":"","page_structure_type":"default","8fb7046864b0ad6dee6cb10ee9812e5d":"","content_style_source":"inherit","content_style":"wide","vertical_spacing_source":"custom","content_area_spacing":"none","background":{"background_type":"color","background_pattern":"type-1","background_image":{"attachment_id":null,"x":0,"y":0},"gradient":"linear-gradient(135deg,rgba(6,147,227,1) 0%,rgb(155,81,224) 100%)","background_repeat":"repeat","background_size":"auto","background_attachment":"scroll","patternColor":{"default":{"color":"#e5e7ea"}},"overlayColor":{"default":{"color":"CT_CSS_SKIP_RULE"}},"backgroundColor":{"default":{"color":"CT_CSS_SKIP_RULE"}}},"content_background":{"background_type":"color","background_pattern":"type-1","background_image":{"attachment_id":null,"x":0,"y":0},"gradient":"linear-gradient(135deg,rgba(6,147,227,1) 0%,rgb(155,81,224) 100%)","background_repeat":"repeat","background_size":"auto","background_attachment":"scroll","patternColor":{"default":{"color":"#e5e7ea"}},"overlayColor":{"default":{"color":"CT_CSS_SKIP_RULE"}},"backgroundColor":{"default":{"color":"var(--theme-palette-color-8)"}}},"content_boxed_shadow":{"inherit":false,"blur":18,"spread":-6,"v_offset":12,"h_offset":0,"inset":false,"enable":true,"color":{"color":"rgba(34, 56, 101, 0.04)"}},"content_boxed_border":{"width":1,"style":"none","color":{"color":"rgba(44,62,80,0.2)"}},"content_boxed_radius":{"top":"3px","bottom":"3px","left":"3px","right":"3px","linked":true},"boxed_content_spacing":{"desktop":{"top":"40px","bottom":"40px","left":"40px","right":"40px","linked":true},"tablet":{"top":"35px","bottom":"35px","left":"35px","right":"35px","linked":true},"mobile":{"top":"20px","bottom":"20px","left":"20px","right":"20px","linked":true}},"8249023ba008993193a67a02ec3e2d09":"","disable_featured_image":"no","disable_share_box":"no","disable_header":"no","disable_footer":"no"},"_links":{"self":[{"href":"https:\/\/imcolchane.cl\/web\/wp-json\/wp\/v2\/pages\/715","targetHints":{"allow":["GET"]}}],"collection":[{"href":"https:\/\/imcolchane.cl\/web\/wp-json\/wp\/v2\/pages"}],"about":[{"href":"https:\/\/imcolchane.cl\/web\/wp-json\/wp\/v2\/types\/page"}],"author":[{"embeddable":true,"href":"https:\/\/imcolchane.cl\/web\/wp-json\/wp\/v2\/users\/1"}],"replies":[{"embeddable":true,"href":"https:\/\/imcolchane.cl\/web\/wp-json\/wp\/v2\/comments?post=715"}],"version-history":[{"count":4,"href":"https:\/\/imcolchane.cl\/web\/wp-json\/wp\/v2\/pages\/715\/revisions"}],"predecessor-version":[{"id":1384,"href":"https:\/\/imcolchane.cl\/web\/wp-json\/wp\/v2\/pages\/715\/revisions\/1384"}],"wp:attachment":[{"href":"https:\/\/imcolchane.cl\/web\/wp-json\/wp\/v2\/media?parent=715"}],"curies":[{"name":"wp","href":"https:\/\/api.w.org\/{rel}","templated":true}]}}