{"id":1336,"date":"2026-03-11T14:00:29","date_gmt":"2026-03-11T14:00:29","guid":{"rendered":"https:\/\/imcolchane.cl\/web\/?page_id=1336"},"modified":"2026-03-11T23:25:00","modified_gmt":"2026-03-11T23:25:00","slug":"patentes-municipales","status":"publish","type":"page","link":"https:\/\/imcolchane.cl\/web\/patentes-municipales\/","title":{"rendered":"Patentes Municipales"},"content":{"rendered":"\n<div class=\"wp-block-stackable-heading stk-block-heading stk-block-heading--v2 stk-block stk-ab4e128\" id=\"patentes-municipales\" data-block-id=\"ab4e128\"><style>.stk-ab4e128 .stk-block-heading__text{color:#1565c0 !important;}<\/style><h2 class=\"stk-block-heading__text has-text-color has-text-align-center\">Patentes Municipales<\/h2><\/div>\n\n\n\n<div class=\"wp-block-stackable-columns stk-block-columns stk-block stk-c13a601\" data-block-id=\"c13a601\"><div class=\"stk-row stk-inner-blocks stk-block-content stk-content-align stk-c13a601-column\">\n<div class=\"wp-block-stackable-column stk-block-column stk-column stk-block stk-6bf5b6b\" data-v=\"4\" data-block-id=\"6bf5b6b\"><div class=\"stk-column-wrapper stk-block-column__content stk-container stk-6bf5b6b-container stk--no-background stk--no-padding\"><div class=\"stk-block-content stk-inner-blocks stk-6bf5b6b-inner-blocks\">\n<div class=\"wp-block-stackable-heading stk-block-heading stk-block-heading--v2 stk-block stk-e7e5aa0\" id=\"informacion-general\" data-block-id=\"e7e5aa0\"><style>.stk-e7e5aa0 {margin-bottom:0px !important;}<\/style><h3 class=\"stk-block-heading__text has-text-align-left\">Informaci\u00f3n general<\/h3><\/div>\n\n\n\n<div class=\"wp-block-stackable-text stk-block-text stk-block stk-bf51416\" data-block-id=\"bf51416\"><p class=\"stk-block-text__text\">Es el permiso necesario para emprender cualquier actividad o cualquier otra actividad lucrativa secundaria o terciaria, profesional, industrial y de alcoholes que necesita un contribuyente para ejercer en un local, oficina, kiosco o lugar determinado.<\/p><\/div>\n\n\n\n<p>El valor fijado corresponde a la patente de doce meses comprendidos entre el 01 de julio del a\u00f1o de la declaraci\u00f3n y el 30 de junio del a\u00f1o siguiente la patente se podr\u00e1 pagar al contado o en dos cuotas iguales en la municipalidad respectiva, dentro de los meses de julio y enero de cada a\u00f1o.<\/p>\n\n\n\n<p>El monto a pagar es del 5 por mil del capital propio declarado ante el SII, con un m\u00ednimo de 1 UTM y un m\u00e1ximo de 8 mil UTM al a\u00f1o.<\/p>\n\n\n\n<p>Las patentes de alcohol est\u00e1n fijadas en la ley de alcoholes n\u00b019.925 y su precio var\u00eda entre 0.6 UTM y 3.5 UTM.<\/p>\n<\/div><\/div><\/div>\n<\/div><\/div>\n\n\n\n<div class=\"wp-block-stackable-columns stk-block-columns stk-block stk-1fbf97e stk-block-background\" data-block-id=\"1fbf97e\"><style>.stk-1fbf97e {background-color:#0693e3 !important;border-top-left-radius:10px !important;border-top-right-radius:10px !important;overflow:hidden !important;padding-top:10px !important;padding-right:10px !important;padding-bottom:10px !important;padding-left:10px !important;margin-bottom:0px !important;}.stk-1fbf97e:before{background-color:#0693e3 !important;}<\/style><div class=\"stk-row stk-inner-blocks stk-block-content stk-content-align stk-1fbf97e-column\">\n<div class=\"wp-block-stackable-column stk-block-column stk-column stk-block stk-bb6db14\" data-v=\"4\" data-block-id=\"bb6db14\"><div class=\"stk-column-wrapper stk-block-column__content stk-container stk-bb6db14-container stk--no-background stk--no-padding\"><div class=\"stk-block-content stk-inner-blocks stk-bb6db14-inner-blocks\">\n<div class=\"wp-block-stackable-text stk-block-text stk-block stk-5063bc7\" data-block-id=\"5063bc7\"><style>.stk-5063bc7 {margin-bottom:0px !important;}.stk-5063bc7 .stk-block-text__text{color:var(--theme-palette-color-4, #1E262E) !important;}<\/style><p class=\"stk-block-text__text has-text-color has-text-align-center\"><strong>2025<\/strong><\/p><\/div>\n<\/div><\/div><\/div>\n<\/div><\/div>\n\n\n\n<div class=\"wp-block-stackable-columns stk-block-columns stk-block stk-9d3afa0 stk-block-background\" data-block-id=\"9d3afa0\"><style>.stk-9d3afa0 {background-color:#0693e3 !important;border-bottom-right-radius:0px !important;border-bottom-left-radius:0px !important;overflow:hidden !important;padding-top:0px !important;padding-right:0px !important;padding-bottom:0px !important;padding-left:0px !important;margin-bottom:0px !important;}.stk-9d3afa0:before{background-color:#0693e3 !important;}.stk-9d3afa0-column{--stk-columns-spacing:10px !important;}<\/style><div class=\"stk-row stk-inner-blocks stk-block-content stk-content-align stk-9d3afa0-column\">\n<div class=\"wp-block-stackable-column stk-block-column stk-column stk-block stk-5de5213\" data-v=\"4\" data-block-id=\"5de5213\"><div class=\"stk-column-wrapper stk-block-column__content stk-container stk-5de5213-container stk--no-background stk--no-padding\"><div class=\"stk-block-content stk-inner-blocks stk-5de5213-inner-blocks\">\n<div class=\"wp-block-stackable-text stk-block-text stk-block stk-3719f73\" data-block-id=\"3719f73\"><style>.stk-3719f73 .stk-block-text__text{color:var(--theme-palette-color-4, #1E262E) !important;}<\/style><p class=\"stk-block-text__text has-text-color\"><strong>Fecha<\/strong><\/p><\/div>\n<\/div><\/div><\/div>\n\n\n\n<div class=\"wp-block-stackable-column stk-block-column stk-column stk-block stk-ab7c1c6\" data-v=\"4\" data-block-id=\"ab7c1c6\"><div class=\"stk-column-wrapper stk-block-column__content stk-container stk-ab7c1c6-container stk--no-background stk--no-padding\"><div class=\"stk-block-content stk-inner-blocks stk-ab7c1c6-inner-blocks\">\n<div class=\"wp-block-stackable-text stk-block-text stk-block stk-9c99798\" data-block-id=\"9c99798\"><style>.stk-9c99798 .stk-block-text__text{color:var(--theme-palette-color-4, #1E262E) !important;}<\/style><p class=\"stk-block-text__text has-text-color\"><strong>Formulario<\/strong><\/p><\/div>\n<\/div><\/div><\/div>\n\n\n\n<div class=\"wp-block-stackable-column stk-block-column stk-column stk-block stk-a288cc1\" data-v=\"4\" data-block-id=\"a288cc1\"><div class=\"stk-column-wrapper stk-block-column__content stk-container stk-a288cc1-container stk--no-background stk--no-padding\"><div class=\"stk-block-content stk-inner-blocks stk-a288cc1-inner-blocks\">\n<div class=\"wp-block-stackable-text stk-block-text stk-block stk-4306478\" data-block-id=\"4306478\"><style>.stk-4306478 .stk-block-text__text{color:var(--theme-palette-color-4, #1E262E) !important;}<\/style><p class=\"stk-block-text__text has-text-color\"><strong>Documentaci\u00f3n<\/strong><\/p><\/div>\n<\/div><\/div><\/div>\n<\/div><\/div>\n\n\n\n<div class=\"wp-block-stackable-columns stk-block-columns stk-block stk-1927e1e\" data-block-id=\"1927e1e\"><style>.stk-1927e1e {border-bottom-right-radius:10px !important;border-bottom-left-radius:10px !important;overflow:hidden !important;border-style:solid !important;border-top-width:0px !important;border-bottom-width:1px !important;margin-bottom:0px !important;}<\/style><div class=\"stk-row stk-inner-blocks stk-block-content stk-content-align stk-1927e1e-column\">\n<div class=\"wp-block-stackable-column stk-block-column stk-column stk-block stk-cfe74c4\" data-v=\"4\" data-block-id=\"cfe74c4\"><div class=\"stk-column-wrapper stk-block-column__content stk-container stk-cfe74c4-container stk--no-background stk--no-padding\"><div class=\"stk-block-content stk-inner-blocks stk-cfe74c4-inner-blocks\">\n<div class=\"wp-block-stackable-text stk-block-text stk-block stk-4864531\" data-block-id=\"4864531\"><p class=\"stk-block-text__text\">22\/06\/2025<\/p><\/div>\n<\/div><\/div><\/div>\n\n\n\n<div class=\"wp-block-stackable-column stk-block-column stk-column stk-block stk-fb24366\" data-v=\"4\" data-block-id=\"fb24366\"><div class=\"stk-column-wrapper stk-block-column__content stk-container stk-fb24366-container stk--no-background stk--no-padding\"><div class=\"stk-block-content stk-inner-blocks stk-fb24366-inner-blocks\">\n<div class=\"wp-block-stackable-text stk-block-text stk-block stk-3ecb53e\" data-block-id=\"3ecb53e\"><p class=\"stk-block-text__text\">Formulario \u00danico de Patentes Municipales<\/p><\/div>\n<\/div><\/div><\/div>\n\n\n\n<div class=\"wp-block-stackable-column stk-block-column stk-column stk-block stk-e0e3cab\" data-v=\"4\" data-block-id=\"e0e3cab\"><div class=\"stk-column-wrapper stk-block-column__content stk-container stk-e0e3cab-container stk--no-background stk--no-padding\"><div class=\"stk-block-content stk-inner-blocks stk-e0e3cab-inner-blocks\">\n<div class=\"wp-block-stackable-text stk-block-text stk-block stk-870c6b3\" data-block-id=\"870c6b3\"><style>.stk-870c6b3 {margin-bottom:0px !important;}<\/style><p class=\"stk-block-text__text\"><a href=\"https:\/\/imcolchane.cl\/web\/wp-content\/uploads\/2026\/03\/FormatoSolicitudPatenteComercial2025.pdf\" data-type=\"link\" data-id=\"https:\/\/imcolchane.cl\/web\/wp-content\/uploads\/2026\/03\/FormatoSolicitudPatenteComercial2025.pdf\">Formulario<\/a><\/p><\/div>\n<\/div><\/div><\/div>\n<\/div><\/div>\n\n\n\n<details class=\"wp-block-stackable-accordion stk-block-accordion stk-inner-blocks stk-block-content stk-block stk-f95db45 is-style-default\" data-block-id=\"f95db45\">\n<summary class=\"wp-block-stackable-column stk-block-column stk-column stk-block stk-e8f0256 stk--container-small stk-block-accordion__heading\" data-v=\"4\" data-block-id=\"e8f0256\"><div class=\"stk-column-wrapper stk-block-column__content stk-container stk-e8f0256-container stk-hover-parent\"><div class=\"stk-block-content stk-inner-blocks stk-e8f0256-inner-blocks\">\n<div class=\"wp-block-stackable-icon-label stk-block-icon-label stk-block stk-225a5db\" data-block-id=\"225a5db\"><div class=\"stk-row stk-inner-blocks stk-block-content\">\n<div class=\"wp-block-stackable-heading stk-block-heading stk-block-heading--v2 stk-block stk-6317140\" id=\"strong-procedimientos-para-solicitud-permiso-comercio-ambulante-strong\" data-block-id=\"6317140\"><h4 class=\"stk-block-heading__text\"><strong>Procedimientos para solicitud permiso comercio ambulante<\/strong><\/h4><\/div>\n\n\n\n<div class=\"wp-block-stackable-icon stk-block-icon stk-block stk-71e86bf\" data-block-id=\"71e86bf\"><span class=\"stk--svg-wrapper\"><div class=\"stk--inner-svg\"><svg style=\"height:0;width:0\"><defs><linearGradient id=\"linear-gradient-71e86bf\" x1=\"0\" x2=\"100%\" y1=\"0\" y2=\"0\"><stop offset=\"0%\" style=\"stop-opacity:1;stop-color:var(--linear-gradient-71-e-86-bf-color-1)\"><\/stop><stop offset=\"100%\" style=\"stop-opacity:1;stop-color:var(--linear-gradient-71-e-86-bf-color-2)\"><\/stop><\/linearGradient><\/defs><\/svg><svg data-prefix=\"fas\" data-icon=\"chevron-down\" class=\"svg-inline--fa fa-chevron-down fa-w-14\" xmlns=\"http:\/\/www.w3.org\/2000\/svg\" viewBox=\"0 0 448 512\" aria-hidden=\"true\" width=\"32\" height=\"32\"><path fill=\"currentColor\" d=\"M207.029 381.476L12.686 187.132c-9.373-9.373-9.373-24.569 0-33.941l22.667-22.667c9.357-9.357 24.522-9.375 33.901-.04L224 284.505l154.745-154.021c9.379-9.335 24.544-9.317 33.901.04l22.667 22.667c9.373 9.373 9.373 24.569 0 33.941L240.971 381.476c-9.373 9.372-24.569 9.372-33.942 0z\"><\/path><\/svg><\/div><\/span><\/div>\n<\/div><\/div>\n<\/div><\/div><\/summary>\n\n\n\n<div class=\"wp-block-stackable-column stk-block-column stk-column stk-block stk-0dd547e stk-block-accordion__content\" data-v=\"4\" data-block-id=\"0dd547e\"><div class=\"stk-column-wrapper stk-block-column__content stk-container stk-0dd547e-container stk--no-background stk--no-padding\"><div class=\"stk-block-content stk-inner-blocks stk-0dd547e-inner-blocks\">\n<div class=\"wp-block-stackable-text stk-block-text stk-block stk-9529a74\" data-block-id=\"9529a74\"><p class=\"stk-block-text__text\">Todo comerciante que ejerza en la v\u00eda p\u00fablica, estar\u00e1 afecto al pago de los derechos municipales, esto es el pago de 0,2 UTM al permiso y del 0.05 UTM correspondiente a la credencial, ambos de forma mensual.<\/p><\/div>\n\n\n\n<div class=\"wp-block-stackable-icon-list stk-block-icon-list stk-block stk-1e2352e\" data-block-id=\"1e2352e\"><ol class=\"stk-block-icon-list__ol stk-block-icon-list--column\">\n<li class=\"wp-block-stackable-icon-list-item stk-block-icon-list-item stk-block stk-79aa96b\" data-block-id=\"79aa96b\"><div class=\"stk-block-icon-list-item__content\"><span class=\"stk-block-icon-list-item__marker\" aria-hidden=\"true\"><\/span><span class=\"stk-block-icon-list-item__text\">Solicitud dirigida al alcalde.<\/span><\/div><\/li>\n\n\n\n<li class=\"wp-block-stackable-icon-list-item stk-block-icon-list-item stk-block stk-30139ef\" data-block-id=\"30139ef\"><div class=\"stk-block-icon-list-item__content\"><span class=\"stk-block-icon-list-item__marker\" aria-hidden=\"true\"><\/span><span class=\"stk-block-icon-list-item__text\">Fotocopia de c\u00e9dula de identidad chilena vigente (Ser mayor de edad).<\/span><\/div><\/li>\n\n\n\n<li class=\"wp-block-stackable-icon-list-item stk-block-icon-list-item stk-block stk-513dda6\" data-block-id=\"513dda6\"><div class=\"stk-block-icon-list-item__content\"><span class=\"stk-block-icon-list-item__marker\" aria-hidden=\"true\"><\/span><span class=\"stk-block-icon-list-item__text\">Registro social de hogares en la comuna.<\/span><\/div><\/li>\n\n\n\n<li class=\"wp-block-stackable-icon-list-item stk-block-icon-list-item stk-block stk-7257119\" data-block-id=\"7257119\"><div class=\"stk-block-icon-list-item__content\"><span class=\"stk-block-icon-list-item__marker\" aria-hidden=\"true\"><\/span><span class=\"stk-block-icon-list-item__text\">Certificado de antecedentes.<\/span><\/div><\/li>\n\n\n\n<li class=\"wp-block-stackable-icon-list-item stk-block-icon-list-item stk-block stk-0b512b5\" data-block-id=\"0b512b5\"><div class=\"stk-block-icon-list-item__content\"><span class=\"stk-block-icon-list-item__marker\" aria-hidden=\"true\"><\/span><span class=\"stk-block-icon-list-item__text\">Declaraci\u00f3n jurada.<\/span><\/div><\/li>\n\n\n\n<li class=\"wp-block-stackable-icon-list-item stk-block-icon-list-item stk-block stk-033ef47\" data-block-id=\"033ef47\"><div class=\"stk-block-icon-list-item__content\"><span class=\"stk-block-icon-list-item__marker\" aria-hidden=\"true\"><\/span><span class=\"stk-block-icon-list-item__text\">Informe socio econ\u00f3mico (Emitido por Director DIDECO).<\/span><\/div><\/li>\n\n\n\n<li class=\"wp-block-stackable-icon-list-item stk-block-icon-list-item stk-block stk-53c0324\" data-block-id=\"53c0324\"><div class=\"stk-block-icon-list-item__content\"><span class=\"stk-block-icon-list-item__marker\" aria-hidden=\"true\"><\/span><span class=\"stk-block-icon-list-item__text\">Formulario de solicitud de permiso en v\u00eda p\u00fablica (emitido por la unidad de rentas municipales).<\/span><\/div><\/li>\n\n\n\n<li class=\"wp-block-stackable-icon-list-item stk-block-icon-list-item stk-block stk-5c2afdd\" data-block-id=\"5c2afdd\"><div class=\"stk-block-icon-list-item__content\"><span class=\"stk-block-icon-list-item__marker\" aria-hidden=\"true\"><\/span><span class=\"stk-block-icon-list-item__text\">Autorizaci\u00f3n del servicio de salud y\/o la superintendencia de combustible y electricidad correspondiente, solo cuando procediere.<\/span><\/div><\/li>\n<\/ol><\/div>\n<\/div><\/div><\/div>\n<\/details>\n\n\n\n<details class=\"wp-block-stackable-accordion stk-block-accordion stk-inner-blocks stk-block-content stk-block stk-1403467 is-style-default\" data-block-id=\"1403467\">\n<summary class=\"wp-block-stackable-column stk-block-column stk-column stk-block stk-706414f stk--container-small stk-block-accordion__heading\" data-v=\"4\" data-block-id=\"706414f\"><div class=\"stk-column-wrapper stk-block-column__content stk-container stk-706414f-container stk-hover-parent\"><div class=\"stk-block-content stk-inner-blocks stk-706414f-inner-blocks\">\n<div class=\"wp-block-stackable-icon-label stk-block-icon-label stk-block stk-c44ea95\" data-block-id=\"c44ea95\"><div class=\"stk-row stk-inner-blocks stk-block-content\">\n<div class=\"wp-block-stackable-heading stk-block-heading stk-block-heading--v2 stk-block stk-2bf4b71\" id=\"strong-procedimientos-para-solicitud-permiso-feria-libre-pisiga-carpa-strong\" data-block-id=\"2bf4b71\"><h4 class=\"stk-block-heading__text\"><strong>Procedimientos para solicitud permiso feria Libre Pisiga Carpa<\/strong><\/h4><\/div>\n\n\n\n<div class=\"wp-block-stackable-icon stk-block-icon stk-block stk-c364b86\" data-block-id=\"c364b86\"><span class=\"stk--svg-wrapper\"><div class=\"stk--inner-svg\"><svg style=\"height:0;width:0\"><defs><linearGradient id=\"linear-gradient-c364b86\" x1=\"0\" x2=\"100%\" y1=\"0\" y2=\"0\"><stop offset=\"0%\" style=\"stop-opacity:1;stop-color:var(--linear-gradient-c-364-b-86-color-1)\"><\/stop><stop offset=\"100%\" style=\"stop-opacity:1;stop-color:var(--linear-gradient-c-364-b-86-color-2)\"><\/stop><\/linearGradient><\/defs><\/svg><svg data-prefix=\"fas\" data-icon=\"chevron-down\" class=\"svg-inline--fa fa-chevron-down fa-w-14\" xmlns=\"http:\/\/www.w3.org\/2000\/svg\" viewBox=\"0 0 448 512\" aria-hidden=\"true\" width=\"32\" height=\"32\"><path fill=\"currentColor\" d=\"M207.029 381.476L12.686 187.132c-9.373-9.373-9.373-24.569 0-33.941l22.667-22.667c9.357-9.357 24.522-9.375 33.901-.04L224 284.505l154.745-154.021c9.379-9.335 24.544-9.317 33.901.04l22.667 22.667c9.373 9.373 9.373 24.569 0 33.941L240.971 381.476c-9.373 9.372-24.569 9.372-33.942 0z\"><\/path><\/svg><\/div><\/span><\/div>\n<\/div><\/div>\n<\/div><\/div><\/summary>\n\n\n\n<div class=\"wp-block-stackable-column stk-block-column stk-column stk-block stk-2b49cd0 stk-block-accordion__content\" data-v=\"4\" data-block-id=\"2b49cd0\"><div class=\"stk-column-wrapper stk-block-column__content stk-container stk-2b49cd0-container stk--no-background stk--no-padding\"><div class=\"stk-block-content stk-inner-blocks stk-2b49cd0-inner-blocks\">\n<div class=\"wp-block-stackable-text stk-block-text stk-block stk-c992ef1\" data-block-id=\"c992ef1\"><p class=\"stk-block-text__text\">El funcionamiento de la feria es en el pueblo de Pisiga carpa y es de car\u00e1cter comunal, teniendo derecho de venta los pobladores de comunidades y\/o pueblos de la comuna.<\/p><\/div>\n\n\n\n<p>Los usuarios de esta feria deber\u00e1n pagar los derechos municipales, de acuerdo al valor que fija la ordenanza de derechos municipales vigentes.<\/p>\n\n\n\n<div class=\"wp-block-stackable-icon-list stk-block-icon-list stk-block stk-a351400\" data-block-id=\"a351400\"><ol class=\"stk-block-icon-list__ol stk-block-icon-list--column\">\n<li class=\"wp-block-stackable-icon-list-item stk-block-icon-list-item stk-block stk-027665d\" data-block-id=\"027665d\"><div class=\"stk-block-icon-list-item__content\"><span class=\"stk-block-icon-list-item__marker\" aria-hidden=\"true\"><\/span><span class=\"stk-block-icon-list-item__text\">Solicitud dirigida al Alcalde.<\/span><\/div><\/li>\n\n\n\n<li class=\"wp-block-stackable-icon-list-item stk-block-icon-list-item stk-block stk-a29088c\" data-block-id=\"a29088c\"><div class=\"stk-block-icon-list-item__content\"><span class=\"stk-block-icon-list-item__marker\" aria-hidden=\"true\"><\/span><span class=\"stk-block-icon-list-item__text\">Certificado junta de vecinos.<\/span><\/div><\/li>\n\n\n\n<li class=\"wp-block-stackable-icon-list-item stk-block-icon-list-item stk-block stk-f36e3b3\" data-block-id=\"f36e3b3\"><div class=\"stk-block-icon-list-item__content\"><span class=\"stk-block-icon-list-item__marker\" aria-hidden=\"true\"><\/span><span class=\"stk-block-icon-list-item__text\">Certificado uni\u00f3n comunal.<\/span><\/div><\/li>\n\n\n\n<li class=\"wp-block-stackable-icon-list-item stk-block-icon-list-item stk-block stk-1243bb2\" data-block-id=\"1243bb2\"><div class=\"stk-block-icon-list-item__content\"><span class=\"stk-block-icon-list-item__marker\" aria-hidden=\"true\"><\/span><span class=\"stk-block-icon-list-item__text\">Fotocopia de c\u00e9dula de identidad chilena vigente (Ser mayor de edad).<\/span><\/div><\/li>\n<\/ol><\/div>\n<\/div><\/div><\/div>\n<\/details>\n\n\n\n<p><\/p>\n","protected":false},"excerpt":{"rendered":"<p>Patentes Municipales Informaci\u00f3n general Es el permiso necesario para emprender cualquier actividad o cualquier otra actividad lucrativa secundaria o terciaria, profesional, industrial y de alcoholes que necesita un contribuyente para ejercer en un local, oficina, kiosco o lugar determinado. El valor fijado corresponde a la patente de doce meses comprendidos entre el 01 de julio [&hellip;]<\/p>\n","protected":false},"author":1,"featured_media":0,"parent":0,"menu_order":0,"comment_status":"closed","ping_status":"closed","template":"","meta":{"footnotes":""},"class_list":["post-1336","page","type-page","status-publish","hentry"],"blocksy_meta":{"has_hero_section":"disabled","styles_descriptor":{"styles":{"desktop":"","tablet":"","mobile":""},"google_fonts":[],"version":6}},"_links":{"self":[{"href":"https:\/\/imcolchane.cl\/web\/wp-json\/wp\/v2\/pages\/1336","targetHints":{"allow":["GET"]}}],"collection":[{"href":"https:\/\/imcolchane.cl\/web\/wp-json\/wp\/v2\/pages"}],"about":[{"href":"https:\/\/imcolchane.cl\/web\/wp-json\/wp\/v2\/types\/page"}],"author":[{"embeddable":true,"href":"https:\/\/imcolchane.cl\/web\/wp-json\/wp\/v2\/users\/1"}],"replies":[{"embeddable":true,"href":"https:\/\/imcolchane.cl\/web\/wp-json\/wp\/v2\/comments?post=1336"}],"version-history":[{"count":5,"href":"https:\/\/imcolchane.cl\/web\/wp-json\/wp\/v2\/pages\/1336\/revisions"}],"predecessor-version":[{"id":1345,"href":"https:\/\/imcolchane.cl\/web\/wp-json\/wp\/v2\/pages\/1336\/revisions\/1345"}],"wp:attachment":[{"href":"https:\/\/imcolchane.cl\/web\/wp-json\/wp\/v2\/media?parent=1336"}],"curies":[{"name":"wp","href":"https:\/\/api.w.org\/{rel}","templated":true}]}}